{"id":4481,"date":"2024-09-23T14:09:49","date_gmt":"2024-09-23T14:09:49","guid":{"rendered":"https:\/\/wilmerlugo.com\/?page_id=4481"},"modified":"2024-12-20T19:12:38","modified_gmt":"2024-12-20T19:12:38","slug":"reviews","status":"publish","type":"page","link":"https:\/\/wilmerlugo.com\/es_es\/reviews\/","title":{"rendered":"Rese\u00f1as"},"content":{"rendered":"<div data-elementor-type=\"wp-page\" data-elementor-id=\"4481\" class=\"elementor elementor-4481\" data-elementor-post-type=\"page\">\n\t\t\t\t<div class=\"elementor-element elementor-element-eeafb1f e-con-full e-flex e-con e-parent\" data-id=\"eeafb1f\" data-element_type=\"container\" data-settings=\"{&quot;background_background&quot;:&quot;classic&quot;}\">\n\t\t\t\t<div class=\"elementor-element elementor-element-e45e6bf elementor-widget__width-initial elementor-invisible elementor-widget elementor-widget-heading\" data-id=\"e45e6bf\" data-element_type=\"widget\" data-settings=\"{&quot;_animation&quot;:&quot;fadeInUp&quot;}\" data-widget_type=\"heading.default\">\n\t\t\t\t<div class=\"elementor-widget-container\">\n\t\t\t\t\t<h2 class=\"elementor-heading-title elementor-size-default\">Conoce algunas opiniones respecto a Wilmer Lugo<\/h2>\t\t\t\t<\/div>\n\t\t\t\t<\/div>\n\t\t\t\t<div class=\"elementor-element elementor-element-d29087b elementor-widget__width-initial elementor-widget elementor-widget-text-editor\" data-id=\"d29087b\" data-element_type=\"widget\" data-widget_type=\"text-editor.default\">\n\t\t\t\t<div class=\"elementor-widget-container\">\n\t\t\t\t\t\t\t\t\t<p>Las opiniones aqu\u00ed reflejan las emociones y pensamientos que el arte de Wilmer Lugo ha despertado en una variedad de espectadores. Desde admiradores hasta coleccionistas, cada rese\u00f1a es un testimonio de su impacto art\u00edstico.<\/p>\t\t\t\t\t\t\t\t<\/div>\n\t\t\t\t<\/div>\n\t\t\t\t<\/div>\n\t\t<div class=\"elementor-element elementor-element-199db94 e-con-full e-flex e-con e-parent\" data-id=\"199db94\" data-element_type=\"container\">\n\t\t\t\t<div class=\"elementor-element elementor-element-5397b5e elementor-widget elementor-widget-heading\" data-id=\"5397b5e\" data-element_type=\"widget\" data-widget_type=\"heading.default\">\n\t\t\t\t<div class=\"elementor-widget-container\">\n\t\t\t\t\t<h3 class=\"elementor-heading-title elementor-size-default\">Art Facts<\/h3>\t\t\t\t<\/div>\n\t\t\t\t<\/div>\n\t\t\t\t<div class=\"elementor-element elementor-element-0ef6298 elementor-widget__width-inherit elementor-widget elementor-widget-text-editor\" data-id=\"0ef6298\" data-element_type=\"widget\" data-widget_type=\"text-editor.default\">\n\t\t\t\t<div class=\"elementor-widget-container\">\n\t\t\t\t\t\t\t\t\t<p>Wilmer Lugo es un artista destacado en ArtFacts, donde se puede explorar su trayectoria profesional, exhibiciones y clasificaci\u00f3n en el mundo del arte. La plataforma permite conocer detalles de sus obras, sus colaboraciones y la evoluci\u00f3n de su reconocimiento en el \u00e1mbito art\u00edstico. Visita la p\u00e1gina para m\u00e1s informaci\u00f3n sobre su carrera y exposiciones: <span style=\"text-decoration: underline; color: #000000;\"><strong><a style=\"color: #000000; text-decoration: underline;\" href=\"https:\/\/artfacts.net\/artist\/wilmer-lugo\/38635\" target=\"_blank\" rel=\"noopener\">ArtFacts \u2013 Wilmer Lugo<\/a>.<\/strong><\/span><\/p>\t\t\t\t\t\t\t\t<\/div>\n\t\t\t\t<\/div>\n\t\t\t\t<div class=\"elementor-element elementor-element-734be08 elementor-widget elementor-widget-heading\" data-id=\"734be08\" data-element_type=\"widget\" data-widget_type=\"heading.default\">\n\t\t\t\t<div class=\"elementor-widget-container\">\n\t\t\t\t\t<h3 class=\"elementor-heading-title elementor-size-default\">Aymara News<\/h3>\t\t\t\t<\/div>\n\t\t\t\t<\/div>\n\t\t\t\t<div class=\"elementor-element elementor-element-14b55c0 elementor-widget__width-inherit elementor-widget elementor-widget-text-editor\" data-id=\"14b55c0\" data-element_type=\"widget\" data-widget_type=\"text-editor.default\">\n\t\t\t\t<div class=\"elementor-widget-container\">\n\t\t\t\t\t\t\t\t\t<p><span style=\"color: #000000;\">La entrevista con Wilmer Lugo explora sus influencias art\u00edsticas y el impacto cultural de su obra. Lugo habla sobre sus temas recurrentes, la conexi\u00f3n entre arte y realidad social, y su visi\u00f3n para inspirar a trav\u00e9s del arte. Reflexiona sobre la paz y el papel del artista en la sociedad contempor\u00e1nea.<\/span><\/p><p><span style=\"text-decoration: underline; color: #000000;\"><strong><a style=\"color: #000000; text-decoration: underline;\" href=\"https:\/\/aymaranews.wordpress.com\/2020\/07\/06\/entrevista-a-wilmer-lugo-paz\/\" target=\"_blank\" rel=\"noopener\">Leer m\u00e1s aqu\u00ed.<\/a><\/strong><\/span><\/p>\t\t\t\t\t\t\t\t<\/div>\n\t\t\t\t<\/div>\n\t\t\t\t<\/div>\n\t\t<div class=\"elementor-element elementor-element-ae1b2ec e-con-full e-flex e-con e-parent\" data-id=\"ae1b2ec\" data-element_type=\"container\" data-settings=\"{&quot;background_background&quot;:&quot;classic&quot;}\">\n\t\t\t\t<div class=\"elementor-element elementor-element-6814ded elementor-widget elementor-widget-heading\" data-id=\"6814ded\" data-element_type=\"widget\" data-widget_type=\"heading.default\">\n\t\t\t\t<div class=\"elementor-widget-container\">\n\t\t\t\t\t<h3 class=\"elementor-heading-title elementor-size-default\">Vitrinart<\/h3>\t\t\t\t<\/div>\n\t\t\t\t<\/div>\n\t\t\t\t<div class=\"elementor-element elementor-element-5dbd8d0 elementor-widget__width-inherit elementor-widget elementor-widget-text-editor\" data-id=\"5dbd8d0\" data-element_type=\"widget\" data-widget_type=\"text-editor.default\">\n\t\t\t\t<div class=\"elementor-widget-container\">\n\t\t\t\t\t\t\t\t\t<p>La rese\u00f1a de Wilmer Lugo en Galerie Vitrinart destaca su enfoque como pintor venezolano, explorando temas de identidad cultural y el entorno social de Venezuela a trav\u00e9s de colores vibrantes y figuras simb\u00f3licas. Su obra refleja tanto la herencia cultural como las tensiones actuales en su pa\u00eds.<\/p><p><span style=\"text-decoration: underline; color: #ffffff;\"><strong><a style=\"text-decoration: underline; color: #ffffff;\" href=\"https:\/\/galerievitrinart.wordpress.com\/2015\/03\/16\/lugo-wilmer-painter-venezuela\/\" target=\"_blank\" rel=\"noopener\">Leer m\u00e1s aqu\u00ed.<\/a><\/strong><\/span><\/p>\t\t\t\t\t\t\t\t<\/div>\n\t\t\t\t<\/div>\n\t\t\t\t<div class=\"elementor-element elementor-element-bf54f42 elementor-widget elementor-widget-heading\" data-id=\"bf54f42\" data-element_type=\"widget\" data-widget_type=\"heading.default\">\n\t\t\t\t<div class=\"elementor-widget-container\">\n\t\t\t\t\t<h3 class=\"elementor-heading-title elementor-size-default\">ArtyHum<\/h3>\t\t\t\t<\/div>\n\t\t\t\t<\/div>\n\t\t\t\t<div class=\"elementor-element elementor-element-210c79a elementor-widget__width-inherit elementor-widget elementor-widget-text-editor\" data-id=\"210c79a\" data-element_type=\"widget\" data-widget_type=\"text-editor.default\">\n\t\t\t\t<div class=\"elementor-widget-container\">\n\t\t\t\t\t\t\t\t\t<p>El art\u00edculo en ArtyHum analiza la obra de Wilmer Lugo, explorando c\u00f3mo sus pinturas abordan temas de paz y justicia social. Con un estilo que fusiona elementos culturales venezolanos y cr\u00edtica social, Lugo busca representar la complejidad de la realidad contempor\u00e1nea y fomentar la reflexi\u00f3n en el espectador.<\/p><p><span style=\"text-decoration: underline; color: #ffffff;\"><strong><a style=\"text-decoration: underline; color: #ffffff;\" href=\"https:\/\/www.artyhum.com\/wilmer-lugo-paz.html\" target=\"_blank\" rel=\"noopener\">Leer m\u00e1s aqu\u00ed.<\/a><\/strong><\/span><\/p>\t\t\t\t\t\t\t\t<\/div>\n\t\t\t\t<\/div>\n\t\t\t\t<\/div>\n\t\t<div class=\"elementor-element elementor-element-a849ae0 e-con-full e-flex e-con e-parent\" data-id=\"a849ae0\" data-element_type=\"container\">\n\t\t\t\t<div class=\"elementor-element elementor-element-1500468 elementor-widget elementor-widget-heading\" data-id=\"1500468\" data-element_type=\"widget\" data-widget_type=\"heading.default\">\n\t\t\t\t<div class=\"elementor-widget-container\">\n\t\t\t\t\t<h3 class=\"elementor-heading-title elementor-size-default\">Artefacto News<\/h3>\t\t\t\t<\/div>\n\t\t\t\t<\/div>\n\t\t\t\t<div class=\"elementor-element elementor-element-496849e elementor-widget__width-inherit elementor-widget elementor-widget-text-editor\" data-id=\"496849e\" data-element_type=\"widget\" data-widget_type=\"text-editor.default\">\n\t\t\t\t<div class=\"elementor-widget-container\">\n\t\t\t\t\t\t\t\t\t<p>El documento de Artefacto analiza el trabajo de Wilmer Lugo, destacando su enfoque en temas de justicia social y su habilidad para expresar la identidad cultural de Venezuela a trav\u00e9s de sus pinturas. La obra de Lugo combina colores vibrantes y un estilo figurativo que invita a reflexionar sobre las realidades sociales de su pa\u00eds y del mundo.<\/p><p><span style=\"text-decoration: underline; color: #000000;\"><strong><a style=\"color: #000000; text-decoration: underline;\" href=\"https:\/\/www.artefactonews24.com\/wp-content\/uploads\/2021\/08\/7_Artefacto.pdf\" target=\"_blank\" rel=\"noopener\">Leer m\u00e1s aqu\u00ed.<\/a><\/strong><\/span><\/p>\t\t\t\t\t\t\t\t<\/div>\n\t\t\t\t<\/div>\n\t\t\t\t<div class=\"elementor-element elementor-element-3ab5d0c elementor-widget elementor-widget-heading\" data-id=\"3ab5d0c\" data-element_type=\"widget\" data-widget_type=\"heading.default\">\n\t\t\t\t<div class=\"elementor-widget-container\">\n\t\t\t\t\t<h3 class=\"elementor-heading-title elementor-size-default\">ArtyHum<\/h3>\t\t\t\t<\/div>\n\t\t\t\t<\/div>\n\t\t\t\t<div class=\"elementor-element elementor-element-88cd65f elementor-widget__width-inherit elementor-widget elementor-widget-text-editor\" data-id=\"88cd65f\" data-element_type=\"widget\" data-widget_type=\"text-editor.default\">\n\t\t\t\t<div class=\"elementor-widget-container\">\n\t\t\t\t\t\t\t\t\t<p>El primer n\u00famero de la revista ArtyHum incluye an\u00e1lisis y rese\u00f1as de obras de varios artistas, entre ellos Wilmer Lugo, enfocado en temas de paz y justicia social. Se exploran los elementos culturales de su trabajo y su reflexi\u00f3n sobre la realidad venezolana y global, destacando su estilo visualmente impactante.<\/p><p><span style=\"text-decoration: underline; color: #000000;\"><strong><a style=\"color: #000000; text-decoration: underline;\" href=\"https:\/\/www.artyhum.com\/descargas\/PDF\/ArtyHumn01.pdf\" target=\"_blank\" rel=\"noopener\">Leer m\u00e1s aqu\u00ed.<\/a><\/strong><\/span><\/p>\t\t\t\t\t\t\t\t<\/div>\n\t\t\t\t<\/div>\n\t\t\t\t<div class=\"elementor-element elementor-element-38e13cd elementor-widget elementor-widget-heading\" data-id=\"38e13cd\" data-element_type=\"widget\" data-widget_type=\"heading.default\">\n\t\t\t\t<div class=\"elementor-widget-container\">\n\t\t\t\t\t<h3 class=\"elementor-heading-title elementor-size-default\">TAIPEI<\/h3>\t\t\t\t<\/div>\n\t\t\t\t<\/div>\n\t\t\t\t<div class=\"elementor-element elementor-element-775ce25 elementor-widget__width-inherit elementor-widget elementor-widget-text-editor\" data-id=\"775ce25\" data-element_type=\"widget\" data-widget_type=\"text-editor.default\">\n\t\t\t\t<div class=\"elementor-widget-container\">\n\t\t\t\t\t\t\t\t\t<div class=\"flex max-w-full flex-col flex-grow\"><div class=\"min-h-8 text-message flex w-full flex-col items-end gap-2 whitespace-normal break-words [.text-message+&amp;]:mt-5\" dir=\"auto\" data-message-author-role=\"assistant\" data-message-id=\"15762599-1b0d-40f8-a377-05b8cd89c23d\" data-message-model-slug=\"gpt-4o\"><div class=\"flex w-full flex-col gap-1 empty:hidden first:pt-[3px]\"><div class=\"markdown prose w-full break-words dark:prose-invert dark\"><p>El cat\u00e1logo presentado para la Feria de Arte de Taip\u00e9i destaca la obra de diversos artistas internacionales, entre ellos el talentoso venezolano Wilmer Lugo. Este creador contempor\u00e1neo, conocido por sus obras en t\u00e9cnicas mixtas, presenta piezas que exploran temas introspectivos y urbanos con un enfoque \u00fanico. Su trabajo refleja una conexi\u00f3n entre las ciudades y las emociones que habitan en su mente, plasmando paisajes imaginarios llenos de simbolismo y dinamismo. Lugo es una figura relevante en este cat\u00e1logo por su contribuci\u00f3n al arte latinoamericano en el contexto global.<\/p><\/div><\/div><\/div><\/div><div class=\"mb-2 flex gap-3 empty:hidden -ml-2\"><div class=\"items-center justify-start rounded-xl p-1 flex\"><div class=\"flex items-center\"><div class=\"flex items-center pb-0\">\u00a0<\/div><\/div><\/div><\/div><p><span style=\"text-decoration: underline; color: #000000;\"><strong><a style=\"color: #000000; text-decoration: underline;\" href=\"https:\/\/wilmerlugo.com\/wp-content\/uploads\/2024\/11\/FERIA-DE-TAIPEI.-CATALOGO-obra-de-WLugo.pdf\" target=\"_blank\" rel=\"noopener\">Leer m\u00e1s aqu\u00ed.<\/a><\/strong><\/span><\/p>\t\t\t\t\t\t\t\t<\/div>\n\t\t\t\t<\/div>\n\t\t\t\t<\/div>\n\t\t<div class=\"elementor-element elementor-element-6cda4e9 e-con-full e-flex e-con e-parent\" data-id=\"6cda4e9\" data-element_type=\"container\" data-settings=\"{&quot;background_background&quot;:&quot;classic&quot;}\">\n\t\t\t\t<div class=\"elementor-element elementor-element-9a2e196 elementor-widget elementor-widget-heading\" data-id=\"9a2e196\" data-element_type=\"widget\" data-widget_type=\"heading.default\">\n\t\t\t\t<div class=\"elementor-widget-container\">\n\t\t\t\t\t<h3 class=\"elementor-heading-title elementor-size-default\">La Identidad Cultural en el Arte de Wilmer Lugo<\/h3>\t\t\t\t<\/div>\n\t\t\t\t<\/div>\n\t\t<div class=\"elementor-element elementor-element-9373322 e-grid e-con-full e-con e-child\" data-id=\"9373322\" data-element_type=\"container\">\n\t\t\t\t<div class=\"elementor-element elementor-element-ac18022 elementor-widget elementor-widget-video\" data-id=\"ac18022\" data-element_type=\"widget\" data-settings=\"{&quot;youtube_url&quot;:&quot;https:\\\/\\\/www.youtube.com\\\/watch?v=OEoUs2Vn7xk&amp;t=234s&quot;,&quot;video_type&quot;:&quot;youtube&quot;,&quot;controls&quot;:&quot;yes&quot;}\" data-widget_type=\"video.default\">\n\t\t\t\t<div class=\"elementor-widget-container\">\n\t\t\t\t\t\t\t<div class=\"elementor-wrapper elementor-open-inline\">\n\t\t\t<div class=\"elementor-video\"><\/div>\t\t<\/div>\n\t\t\t\t\t\t<\/div>\n\t\t\t\t<\/div>\n\t\t\t\t<div class=\"elementor-element elementor-element-cfcbe72 elementor-widget elementor-widget-video\" data-id=\"cfcbe72\" data-element_type=\"widget\" data-settings=\"{&quot;youtube_url&quot;:&quot;https:\\\/\\\/www.youtube.com\\\/watch?v=aRRbDiQ6Y38&quot;,&quot;video_type&quot;:&quot;youtube&quot;,&quot;controls&quot;:&quot;yes&quot;}\" data-widget_type=\"video.default\">\n\t\t\t\t<div class=\"elementor-widget-container\">\n\t\t\t\t\t\t\t<div class=\"elementor-wrapper elementor-open-inline\">\n\t\t\t<div class=\"elementor-video\"><\/div>\t\t<\/div>\n\t\t\t\t\t\t<\/div>\n\t\t\t\t<\/div>\n\t\t\t\t<div class=\"elementor-element elementor-element-7f93951 elementor-widget elementor-widget-video\" data-id=\"7f93951\" data-element_type=\"widget\" data-settings=\"{&quot;youtube_url&quot;:&quot;https:\\\/\\\/www.youtube.com\\\/watch?v=dffS9iKOTLg&quot;,&quot;video_type&quot;:&quot;youtube&quot;,&quot;controls&quot;:&quot;yes&quot;}\" data-widget_type=\"video.default\">\n\t\t\t\t<div class=\"elementor-widget-container\">\n\t\t\t\t\t\t\t<div class=\"elementor-wrapper elementor-open-inline\">\n\t\t\t<div class=\"elementor-video\"><\/div>\t\t<\/div>\n\t\t\t\t\t\t<\/div>\n\t\t\t\t<\/div>\n\t\t\t\t<\/div>\n\t\t\t\t<\/div>\n\t\t\t\t<\/div>","protected":false},"excerpt":{"rendered":"<p>Know some opinions about Wilmer Lugo The opinions here reflect the emotions and thoughts that Wilmer Lugo&#8217;s art has awakened in a variety of viewers. From admirers to collectors, each review is a testament to his artistic impact. Art Facts Wilmer Lugo is a renowned artist featured on ArtFacts, a platform where visitors can view&#8230;<\/p>","protected":false},"author":1,"featured_media":0,"parent":0,"menu_order":0,"comment_status":"closed","ping_status":"closed","template":"","meta":{"_kadence_starter_templates_imported_post":false,"_kad_post_transparent":"","_kad_post_title":"hide","_kad_post_layout":"fullwidth","_kad_post_sidebar_id":"","_kad_post_content_style":"unboxed","_kad_post_vertical_padding":"hide","_kad_post_feature":"hide","_kad_post_feature_position":"","_kad_post_header":false,"_kad_post_footer":false,"footnotes":""},"class_list":["post-4481","page","type-page","status-publish","hentry"],"a3_pvc":{"activated":true,"total_views":47,"today_views":0},"yoast_head":"<!-- This site is optimized with the Yoast SEO plugin v24.4 - https:\/\/yoast.com\/wordpress\/plugins\/seo\/ -->\n<title>reviews - WILMER LUGO<\/title>\n<meta name=\"robots\" content=\"index, follow, max-snippet:-1, max-image-preview:large, max-video-preview:-1\" \/>\n<link rel=\"canonical\" href=\"https:\/\/wilmerlugo.com\/es_es\/reviews\/\" \/>\n<meta property=\"og:locale\" content=\"es_ES\" \/>\n<meta property=\"og:type\" content=\"article\" \/>\n<meta property=\"og:title\" content=\"reviews - WILMER LUGO\" \/>\n<meta property=\"og:description\" content=\"Know some opinions about Wilmer Lugo The opinions here reflect the emotions and thoughts that Wilmer Lugo&#8217;s art has awakened in a variety of viewers. From admirers to collectors, each review is a testament to his artistic impact. Art Facts Wilmer Lugo is a renowned artist featured on ArtFacts, a platform where visitors can view...\" \/>\n<meta property=\"og:url\" content=\"https:\/\/wilmerlugo.com\/es_es\/reviews\/\" \/>\n<meta property=\"og:site_name\" content=\"WILMER LUGO\" \/>\n<meta property=\"article:modified_time\" content=\"2024-12-20T19:12:38+00:00\" \/>\n<meta name=\"twitter:card\" content=\"summary_large_image\" \/>\n<meta name=\"twitter:label1\" content=\"Tiempo de lectura\" \/>\n\t<meta name=\"twitter:data1\" content=\"2 minutos\" \/>\n<script type=\"application\/ld+json\" class=\"yoast-schema-graph\">{\"@context\":\"https:\/\/schema.org\",\"@graph\":[{\"@type\":\"WebPage\",\"@id\":\"https:\/\/wilmerlugo.com\/reviews\/\",\"url\":\"https:\/\/wilmerlugo.com\/reviews\/\",\"name\":\"reviews - WILMER LUGO\",\"isPartOf\":{\"@id\":\"https:\/\/wilmerlugo.com\/#website\"},\"datePublished\":\"2024-09-23T14:09:49+00:00\",\"dateModified\":\"2024-12-20T19:12:38+00:00\",\"breadcrumb\":{\"@id\":\"https:\/\/wilmerlugo.com\/reviews\/#breadcrumb\"},\"inLanguage\":\"es\",\"potentialAction\":[{\"@type\":\"ReadAction\",\"target\":[\"https:\/\/wilmerlugo.com\/reviews\/\"]}]},{\"@type\":\"BreadcrumbList\",\"@id\":\"https:\/\/wilmerlugo.com\/reviews\/#breadcrumb\",\"itemListElement\":[{\"@type\":\"ListItem\",\"position\":1,\"name\":\"Inicio\",\"item\":\"https:\/\/wilmerlugo.com\/\"},{\"@type\":\"ListItem\",\"position\":2,\"name\":\"reviews\"}]},{\"@type\":\"WebSite\",\"@id\":\"https:\/\/wilmerlugo.com\/#website\",\"url\":\"https:\/\/wilmerlugo.com\/\",\"name\":\"WILMER LUGO\",\"description\":\"Plastic Artist\",\"publisher\":{\"@id\":\"https:\/\/wilmerlugo.com\/#organization\"},\"potentialAction\":[{\"@type\":\"SearchAction\",\"target\":{\"@type\":\"EntryPoint\",\"urlTemplate\":\"https:\/\/wilmerlugo.com\/?s={search_term_string}\"},\"query-input\":{\"@type\":\"PropertyValueSpecification\",\"valueRequired\":true,\"valueName\":\"search_term_string\"}}],\"inLanguage\":\"es\"},{\"@type\":\"Organization\",\"@id\":\"https:\/\/wilmerlugo.com\/#organization\",\"name\":\"WILMER LUGO\",\"url\":\"https:\/\/wilmerlugo.com\/\",\"logo\":{\"@type\":\"ImageObject\",\"inLanguage\":\"es\",\"@id\":\"https:\/\/wilmerlugo.com\/#\/schema\/logo\/image\/\",\"url\":\"https:\/\/wilmerlugo.com\/wp-content\/uploads\/2024\/04\/logo-wilmer-lugo-blanco@3x.png\",\"contentUrl\":\"https:\/\/wilmerlugo.com\/wp-content\/uploads\/2024\/04\/logo-wilmer-lugo-blanco@3x.png\",\"width\":2907,\"height\":486,\"caption\":\"WILMER LUGO\"},\"image\":{\"@id\":\"https:\/\/wilmerlugo.com\/#\/schema\/logo\/image\/\"}}]}<\/script>\n<!-- \/ Yoast SEO plugin. -->","yoast_head_json":{"title":"reviews - WILMER LUGO","robots":{"index":"index","follow":"follow","max-snippet":"max-snippet:-1","max-image-preview":"max-image-preview:large","max-video-preview":"max-video-preview:-1"},"canonical":"https:\/\/wilmerlugo.com\/es_es\/reviews\/","og_locale":"es_ES","og_type":"article","og_title":"reviews - WILMER LUGO","og_description":"Know some opinions about Wilmer Lugo The opinions here reflect the emotions and thoughts that Wilmer Lugo&#8217;s art has awakened in a variety of viewers. From admirers to collectors, each review is a testament to his artistic impact. Art Facts Wilmer Lugo is a renowned artist featured on ArtFacts, a platform where visitors can view...","og_url":"https:\/\/wilmerlugo.com\/es_es\/reviews\/","og_site_name":"WILMER LUGO","article_modified_time":"2024-12-20T19:12:38+00:00","twitter_card":"summary_large_image","twitter_misc":{"Tiempo de lectura":"2 minutos"},"schema":{"@context":"https:\/\/schema.org","@graph":[{"@type":"WebPage","@id":"https:\/\/wilmerlugo.com\/reviews\/","url":"https:\/\/wilmerlugo.com\/reviews\/","name":"reviews - WILMER LUGO","isPartOf":{"@id":"https:\/\/wilmerlugo.com\/#website"},"datePublished":"2024-09-23T14:09:49+00:00","dateModified":"2024-12-20T19:12:38+00:00","breadcrumb":{"@id":"https:\/\/wilmerlugo.com\/reviews\/#breadcrumb"},"inLanguage":"es","potentialAction":[{"@type":"ReadAction","target":["https:\/\/wilmerlugo.com\/reviews\/"]}]},{"@type":"BreadcrumbList","@id":"https:\/\/wilmerlugo.com\/reviews\/#breadcrumb","itemListElement":[{"@type":"ListItem","position":1,"name":"Inicio","item":"https:\/\/wilmerlugo.com\/"},{"@type":"ListItem","position":2,"name":"reviews"}]},{"@type":"WebSite","@id":"https:\/\/wilmerlugo.com\/#website","url":"https:\/\/wilmerlugo.com\/","name":"WILMER LUGO","description":"Plastic Artist","publisher":{"@id":"https:\/\/wilmerlugo.com\/#organization"},"potentialAction":[{"@type":"SearchAction","target":{"@type":"EntryPoint","urlTemplate":"https:\/\/wilmerlugo.com\/?s={search_term_string}"},"query-input":{"@type":"PropertyValueSpecification","valueRequired":true,"valueName":"search_term_string"}}],"inLanguage":"es"},{"@type":"Organization","@id":"https:\/\/wilmerlugo.com\/#organization","name":"WILMER LUGO","url":"https:\/\/wilmerlugo.com\/","logo":{"@type":"ImageObject","inLanguage":"es","@id":"https:\/\/wilmerlugo.com\/#\/schema\/logo\/image\/","url":"https:\/\/wilmerlugo.com\/wp-content\/uploads\/2024\/04\/logo-wilmer-lugo-blanco@3x.png","contentUrl":"https:\/\/wilmerlugo.com\/wp-content\/uploads\/2024\/04\/logo-wilmer-lugo-blanco@3x.png","width":2907,"height":486,"caption":"WILMER LUGO"},"image":{"@id":"https:\/\/wilmerlugo.com\/#\/schema\/logo\/image\/"}}]}},"_links":{"self":[{"href":"https:\/\/wilmerlugo.com\/es_es\/wp-json\/wp\/v2\/pages\/4481","targetHints":{"allow":["GET"]}}],"collection":[{"href":"https:\/\/wilmerlugo.com\/es_es\/wp-json\/wp\/v2\/pages"}],"about":[{"href":"https:\/\/wilmerlugo.com\/es_es\/wp-json\/wp\/v2\/types\/page"}],"author":[{"embeddable":true,"href":"https:\/\/wilmerlugo.com\/es_es\/wp-json\/wp\/v2\/users\/1"}],"replies":[{"embeddable":true,"href":"https:\/\/wilmerlugo.com\/es_es\/wp-json\/wp\/v2\/comments?post=4481"}],"version-history":[{"count":61,"href":"https:\/\/wilmerlugo.com\/es_es\/wp-json\/wp\/v2\/pages\/4481\/revisions"}],"predecessor-version":[{"id":4780,"href":"https:\/\/wilmerlugo.com\/es_es\/wp-json\/wp\/v2\/pages\/4481\/revisions\/4780"}],"wp:attachment":[{"href":"https:\/\/wilmerlugo.com\/es_es\/wp-json\/wp\/v2\/media?parent=4481"}],"curies":[{"name":"wp","href":"https:\/\/api.w.org\/{rel}","templated":true}]}}